{"id":101103,"date":"2025-08-08T10:08:40","date_gmt":"2025-08-08T03:08:40","guid":{"rendered":"https:\/\/evermos.com\/home\/produk\/tak-berkategori\/sr12-skincare-sr12-skincare-bedak-tabur-natural-matte-cocok-untuk-semua-jenis-kulit-matte-cover-loose-powder\/"},"modified":"2025-11-15T07:26:57","modified_gmt":"2025-11-15T00:26:57","slug":"sr12-skincare-sr12-skincare-bedak-tabur-natural-matte-cocok-untuk-semua-jenis-kulit-matte-cover-loose-powder","status":"publish","type":"product","link":"https:\/\/evermos.com\/home\/produk\/kecantikan\/perawatan-wajah\/paket-perawatan-wajah\/sr12-skincare-sr12-skincare-bedak-tabur-natural-matte-cocok-untuk-semua-jenis-kulit-matte-cover-loose-powder\/","title":{"rendered":"SR12 Skincare &#8211; SR12 Skincare &#8211; Bedak Tabur Natural Matte Cocok untuk Semua Jenis Kulit Matte Cover Loose Powder"},"content":{"rendered":"<p>bedak untuk menghilangkan bruntusan, bedak padat yang bagus untuk kulit kering, bedak paling bagus, bedak tahan lama untuk remaja, jenis bedak untuk kulit berminyak<\/p>\n<p>Distributor SR12 merupakan distributor SR12 resmi yang menyediakan produk Skincare, Herbal yang sudah terdaftar BPOM dan Bersertifikasi MUI. <\/p>\n<p>Matte Cover Natural Loose Powder<\/p>\n<p>NETTO : 15gr<\/p>\n<p>BPOM : NA18210400035<br \/>LPPOM-00150121010721<\/p>\n<p>KOMPOSISI :<\/p>\n<p>Talc, Silica, Titanium Dioxide, Triethoxycaprylylsilane, CI 77492, Phenoxyethanol, CI 77491, Dimethicone, Aluminum Hydroxide, Ethylhexylglycerin, CI 77499<\/p>\n<p>MANFAAT :<\/p>\n<p>Bedak berbentuk serbuk yang digunakan untuk memulas kulit wajah sehingga meningkatkan penampilan wajah yang membantu menutupi bekas jerawat, flek hitam pada wajah, membantu menghasilkan tampilan make up yang matte dan menyempurnakan hasil make up agar lebih tahan lama serta melindungi kulit dari paparan sinar UV.<\/p>\n<p>CARA PAKAI :<\/p>\n<p>Usapkan SR12 SKINCARE Matte Cover Natural Loose Powder ke wajah menggunakan spons atau brush secara merata.<\/p>\n<p>Keunggulan :<br \/>1. Membuat look makeup nampak natural <br \/>2. Menyerap kelebihan minyak pada wajah <br \/>3. Melindungi wajah dari pengaruh buruk sinar matahari<br \/>4. Menutupi noda hitam &amp; jerawat <br \/>5. Tidak terlihat cakey saat pengaplikasian karena bedak terserap merata pada wajah<\/p>\n<p> #eb\u00e9dakertben #eb\u00e9dakik\u00f6t\u0151ben #eb\u00e9dakertb\u0151l #ebedakertben #ebedakertbol #bedakfoundation #bedakfanbo #bedakflekhitam #bedakfitme #fbedaktabur<\/p>\n","protected":false},"excerpt":{"rendered":"<p>bedak untuk menghilangkan bruntusan, bedak padat yang bagus untuk kulit kering, bedak paling bagus, bedak tahan lama untuk remaja, jenis bedak untuk kulit berminyak Distributor SR12 merupakan distributor SR12 resmi yang menyediakan produk Skincare, Herbal yang sudah terdaftar BPOM dan Bersertifikasi MUI. Matte Cover Natural Loose Powder NETTO : 15gr BPOM : NA18210400035LPPOM-00150121010721 KOMPOSISI : [&hellip;]<\/p>\n","protected":false},"featured_media":101104,"template":"","meta":{"_acf_changed":false},"product_cat":[607,2478,1650],"product_tag":[],"berocket_brand":[669],"class_list":{"0":"post-101103","1":"product","2":"type-product","3":"status-publish","4":"has-post-thumbnail","6":"product_cat-kecantikan","7":"product_cat-paket-perawatan-wajah","8":"product_cat-perawatan-wajah","9":"berocket_brand-sr12-skincare","11":"first","12":"instock","13":"sale","14":"purchasable","15":"product-type-simple"},"acf":[],"_links":{"self":[{"href":"https:\/\/evermos.com\/home\/wp-json\/wp\/v2\/product\/101103","targetHints":{"allow":["GET"]}}],"collection":[{"href":"https:\/\/evermos.com\/home\/wp-json\/wp\/v2\/product"}],"about":[{"href":"https:\/\/evermos.com\/home\/wp-json\/wp\/v2\/types\/product"}],"wp:featuredmedia":[{"embeddable":true,"href":"https:\/\/evermos.com\/home\/wp-json\/wp\/v2\/media\/101104"}],"wp:attachment":[{"href":"https:\/\/evermos.com\/home\/wp-json\/wp\/v2\/media?parent=101103"}],"wp:term":[{"taxonomy":"product_cat","embeddable":true,"href":"https:\/\/evermos.com\/home\/wp-json\/wp\/v2\/product_cat?post=101103"},{"taxonomy":"product_tag","embeddable":true,"href":"https:\/\/evermos.com\/home\/wp-json\/wp\/v2\/product_tag?post=101103"},{"taxonomy":"berocket_brand","embeddable":true,"href":"https:\/\/evermos.com\/home\/wp-json\/wp\/v2\/berocket_brand?post=101103"}],"curies":[{"name":"wp","href":"https:\/\/api.w.org\/{rel}","templated":true}]}}